{"id":670,"date":"2016-04-26T15:46:43","date_gmt":"2016-04-26T15:46:43","guid":{"rendered":"http:\/\/devmultilateral.com\/es\/?page_id=670"},"modified":"2026-02-05T16:35:46","modified_gmt":"2026-02-05T16:35:46","slug":"aviso-legal","status":"publish","type":"page","link":"https:\/\/dem.es\/fr\/aviso-legal\/","title":{"rendered":"MENTIONS L\u00c9GALES"},"content":{"rendered":"<p><strong>Mentions l\u00e9gales<\/strong><br \/>\nMerci de visiter notre site Web et de l\u2019int\u00e9r\u00eat que vous montrez \u00e0 l\u2019endroit de notre entreprise et de ses produits et services.<\/p>\n<p><strong>Information g\u00e9n\u00e9rale<\/strong><br \/>\nLe pr\u00e9sent site Web a \u00e9t\u00e9 con\u00e7u pour faire connaitre et rendre accessible au public l\u2019information, les activit\u00e9s, les produits et services des entreprises ci-apr\u00e8s identifi\u00e9es:<\/p>\n<p>\u2013 DESARROLLO MULTILATERAL, S.L.;<br \/>\nSi vous d\u00e9sirez obtenir plus ample information, vous pouvez nous contacter au num\u00e9ro de t\u00e9l\u00e9phone (+34) 91 622 77 28, ou par courriel \u00e0 <a href=\"mailto:dem@dem.es\">dem@dem.es<\/a><\/p>\n<p><strong>Conditions g\u00e9n\u00e9rales d&#8217;acc\u00e8s et d&#8217;utilisation du site<\/strong><br \/>\nDESARROLLO MULTILATERAL, S.L. offre l\u2019acc\u00e8s au site Web <a href=\"http:\/\/www.dem.es\">www.dem.es<\/a> et <a href=\"http:\/\/www.blogdem.com\">www.blogdem.com<\/a> dans les conditions d&#8217;utilisation d\u00e9crites ci-dessous:<\/p>\n<p><strong>Acc\u00e8s et \u201cusagers\u201d:<\/strong><br \/>\nEn acc\u00e9dant au site <a href=\"http:\/\/www.dem.es\">www.dem.es<\/a> et <a href=\"http:\/\/www.blogdem.com\">www.blogdem.com<\/a>, vous acceptez express\u00e9ment, pleinement et sans r\u00e9serve toutes et chacune des pr\u00e9sentes conditions d&#8217;acc\u00e8s et d&#8217;utilisation, dans la version publi\u00e9e au moment de l&#8217;acc\u00e8s, sans pr\u00e9judice des conditions particuli\u00e8res qui doivent \u00eatre appliqu\u00e9es dans le cas o\u00f9 vous souhaiteriez contracter l&#8217;un des biens et services propos\u00e9s sur ce site Web, et qui, selon le cas, remplacent, compl\u00e8tent et \/ ou modifient ces conditions g\u00e9n\u00e9rales d&#8217;acc\u00e8s et d&#8217;utilisation.<\/p>\n<p>DESARROLLO MULTILATERAL, S.L. vous recommande de lire ce document \u00e0 chaque fois que vous acc\u00e9dez au site Web, ainsi que les conditions sp\u00e9cifiques \u00e9tablies pour certains contenus.<\/p>\n<p>Nous vous informons que, tout au long de votre visite, notre serveur Web collectera et analysera les donn\u00e9es suivantes qui y sont li\u00e9es: le nom du fournisseur de votre service Internet, la page Web \u00e0 partir de laquelle vous avez acc\u00e9d\u00e9 \u00e0 notre page Web, les pages que vous consultez sur notre site Internet, le volume de donn\u00e9es transf\u00e9r\u00e9es, ainsi que les donn\u00e9es et la dur\u00e9e totale de votre visite. Ces informations, qui seront anonymes de telle mani\u00e8re qu&#8217;elles ne pourront en aucun cas \u00eatre associ\u00e9es \u00e0 vous, seront collect\u00e9es uniquement \u00e0 des fins statistiques et pour la maintenance et le contr\u00f4le de la s\u00e9curit\u00e9 de nos syst\u00e8mes.<\/p>\n<p>Pour cette raison, et en r\u00e8gle g\u00e9n\u00e9rale, aucune donn\u00e9e vous concernant directement ou indirectement ne sera collect\u00e9e, \u00e0 l&#8217;exception de celles que vous nous fournissez sciemment et en connaissance de cause. Dans ces cas, toutes les donn\u00e9es que vous nous fournissez seront crypt\u00e9es avant de nous \u00eatre transf\u00e9r\u00e9es afin de maintenir la confidentialit\u00e9 requise et de les prot\u00e9ger contre l&#8217;acc\u00e8s par des Tiers non autoris\u00e9s.<br \/>\nDans tous les cas, l&#8217;usager sera responsable de la v\u00e9racit\u00e9 des donn\u00e9es fournies, DEM se r\u00e9servant le droit d&#8217;exclure des services enregistr\u00e9s tout usager ayant fourni de fausses donn\u00e9es, sans pr\u00e9judice des autres actions l\u00e9gales pr\u00e9vues par la l\u00e9gislation en vigueur.<\/p>\n<p>Lorsque vous souhaitez acc\u00e9der \u00e0 l&#8217;un des services sp\u00e9cifiques, contracter un service et \/ ou un produit, envoyer un CV, faire une offre, etc. DESARROLLO MULTILATERAL, S.L. se r\u00e9serve la possibilit\u00e9 de conditionner l&#8217;acc\u00e8s, la contractualisation, etc. \u00e0 la fourniture de donn\u00e9es personnelles. Dans ce cas, la collecte et le traitement des donn\u00e9es personnelles des usagers seront r\u00e9glement\u00e9s conform\u00e9ment aux dispositions du chapitre sur la S\u00e9curit\u00e9 et la Protection des donn\u00e9es personnelles.<\/p>\n<p><strong>Validit\u00e9 des informations et modifications<\/strong><br \/>\nLe contenu de ce site Web, en particulier les r\u00e9f\u00e9rences informatives et publicitaires, sauf indication contraire expresse, ne constituent pas une offre ferme. De m\u00eame, les r\u00e9f\u00e9rences aux valeurs mobili\u00e8res, aux actions sur les march\u00e9s secondaires, etc. ici faites ne constituent pas une information contraignante aux fins de r\u00e9aliser d&#8217;\u00e9ventuels investissements.<\/p>\n<p>DESARROLLO MULTILATERAL, SL, afin d&#8217;am\u00e9liorer les performances du site Web, se r\u00e9serve le droit de modifier, d&#8217;\u00e9tendre ou de suspendre temporairement la pr\u00e9sentation, la configuration, les sp\u00e9cifications techniques, le contenu et les services du site Web, \u00e0 tout moment, unilat\u00e9ralement et sans notification pr\u00e9alable aux usagers.<\/p>\n<p>De m\u00eame, DEM se r\u00e9serve le droit de modifier \u00e0 tout moment les pr\u00e9sentes conditions d&#8217;utilisation, ainsi que toutes autres conditions particuli\u00e8res contenues dans le site <a href=\"http:\/\/www.dem.es\">www.dem.es<\/a> et <a href=\"http:\/\/www.blogdem.com\">www.blogdem.com<\/a><\/p>\n<p><strong>Conditions d&#8217;utilisation<\/strong><br \/>\nL\u2019usager s&#8217;engage \u00e0 faire bon usage des contenus et services de <a href=\"http:\/\/www.dem.es\">www.dem.es<\/a> et <a href=\"http:\/\/www.blogdem.com\">www.blogdem.com<\/a>, qui ne peuvent jamais \u00eatre utilis\u00e9s pour des activit\u00e9s ill\u00e9gales ou qui pourraient \u00eatre contraires \u00e0 la loi, \u00e0 l&#8217;ordre public, \u00e0 la d\u00e9fense nationale ou \u00e0 la sant\u00e9 publique. Toute utilisation par l&#8217;usager du contenu et des services doit respecter ces principes.<\/p>\n<p>Vous \u00eates express\u00e9ment autoris\u00e9 \u00e0 consulter toutes les informations contenues dans le site Web qui sont librement accessibles, ainsi qu&#8217;\u00e0 en faire des reproductions priv\u00e9es sur vos syst\u00e8mes informatiques, \u00e0 condition que ledit contenu soit \u00e0 votre usage exclusif et ne soit pas transf\u00e9r\u00e9 ult\u00e9rieurement \u00e0 des tiers sans autorisation expresse.<\/p>\n<p><strong>Exclusion de garanties et de responsabilit\u00e9s<\/strong><br \/>\nL&#8217;acc\u00e8s et l&#8217;utilisation des pages <a href=\"http:\/\/www.dem.es\">www.dem.es<\/a> et <a href=\"http:\/\/www.blogdem.com\">www.blogdem.com<\/a> se feront sous la seule et exclusive responsabilit\u00e9 de l&#8217;usager.<\/p>\n<p>DESARROLLO MULTILATERAL, S.L. n&#8217;est pas responsable de l&#8217;exactitude, de la v\u00e9racit\u00e9 et de la validit\u00e9 des informations qui ne sont pas de sa propre cr\u00e9ation et dont le contenu appartient \u00e0 des sources d&#8217;informations de tiers sans rapport avec elle. \u00c0 partir de ce site Web, nous pourrons fournir des liens vers d&#8217;autres pages Web que nous consid\u00e9rons d&#8217;int\u00e9r\u00eat pour nos usagers. Notre volont\u00e9 est de garantir que ces pages respectent les normes les plus \u00e9lev\u00e9es. Cependant, et en raison de la nature m\u00eame d&#8217;Internet, nous ne pouvons pas garantir les niveaux de confidentialit\u00e9 des pages Web avec lesquelles nous lions, ni \u00eatre tenus pour responsables du contenu des pages qui ne sont pas les n\u00f4tres. Les pr\u00e9sentes politiques d&#8217;acc\u00e8s, d&#8217;utilisation et de confidentialit\u00e9 ne s\u2019appliquent \u00e0 aucune page avec laquelle nous maintenons un lien et qui n&#8217;appartient pas \u00e0 DESARROLLO MULTILATERAL, S.L.<\/p>\n<p>Avec les exigences \u00e9tablies dans ces conditions d&#8217;acc\u00e8s et d&#8217;utilisation, DESARROLLO MULTILATERAL, S.L. autorise le stockage et la reproduction de tout texte fourni sur son site Web. Cette autorisation ne s&#8217;\u00e9tend pas aux images, graphiques et sons, outils, etc. qui sont prot\u00e9g\u00e9s par les droits de reproduction.<br \/>\nDESARROLLO MULTILATERAL, S.L. ne sera pas responsable de tout dommage, direct, indirect ou cons\u00e9cutif, ou de toute autre mani\u00e8re, d\u00e9coulant de ou en relation avec l&#8217;utilisation ou l&#8217;interpr\u00e9tation des documents, services ou informations disponibles sur ce site.<\/p>\n<p>DESARROLLO MULTILATERAL, S.L. n&#8217;offre aucune garantie concernant la continuit\u00e9 des informations, ou l&#8217;absence d&#8217;erreurs dans le contenu accessible, ou l&#8217;absence de virus ou autres composants nuisibles sur le site ou sur le serveur qui les fournit. DESARROLLO MULTILATERAL, S.L. n&#8217;assume aucune responsabilit\u00e9 pour les dommages qui pourraient \u00eatre caus\u00e9s \u00e0 l&#8217;\u00e9quipement des utilisateurs par d&#8217;\u00e9ventuels virus informatiques contract\u00e9s par l&#8217;usager \u00e0 la suite de la navigation sur le site Web, ou pour tout autre dommage d\u00e9riv\u00e9 de la navigation.<\/p>\n<p><strong>Utilisation de \u00abcookies\u00bb<\/strong><br \/>\nSur certaines pages, DESARROLLO MULTILATERAL, S.L. utilise des cookies pour personnaliser certains services pour vous.<\/p>\n<p>Que sont les cookies?<br \/>\nUn cookie est un fichier t\u00e9l\u00e9charg\u00e9 sur votre ordinateur lorsque vous acc\u00e9dez \u00e0 certaines pages Web. Les cookies permettent, entre autres, \u00e0 une page Web de stocker et de r\u00e9cup\u00e9rer des informations sur les habitudes de navigation d&#8217;un usager ou de son \u00e9quipement et, en fonction des informations qu&#8217;ils contiennent et de la mani\u00e8re dont il utilise son \u00e9quipement, ils peuvent \u00eatre utilis\u00e9s pour reconna\u00eetre l&#8217;usager. Les donn\u00e9es collect\u00e9es via les cookies sont anonymes.<\/p>\n<p>Quels types de cookies ce site utilise-t-il?<br \/>\nLes cookies utilis\u00e9s par ce site sont les cookies dits d&#8217;analyse: ce sont ceux qui, trait\u00e9s par nous ou par des tiers, nous permettent de quantifier le nombre d&#8217;usagers et ainsi que de r\u00e9aliser la mesure statistique et l&#8217;analyse de l&#8217;utilisation que les usagers font du service propos\u00e9. Pour cela, votre navigation sur notre site internet est analys\u00e9e afin d&#8217;am\u00e9liorer l&#8217;offre de produits ou services que nous vous proposons. Ces cookies sont totalement anonymes et les informations qu&#8217;ils contiennent ne peuvent en aucun cas vous \u00eatre associ\u00e9es.<\/p>\n<p>Nous vous informons que vous pouvez configurer votre navigateur pour vous avertir lorsqu&#8217;une page Web utilise des cookies. Nous vous informons \u00e9galement que vous avez la possibilit\u00e9 d&#8217;emp\u00eacher la g\u00e9n\u00e9ration de cookies, en s\u00e9lectionnant l&#8217;option correspondante dans votre programme de navigation. Voici comment d\u00e9sactiver la g\u00e9n\u00e9ration de cookies, ou \u00e9liminer les cookies d\u00e9j\u00e0 g\u00e9n\u00e9r\u00e9s, dans les navigateurs les plus utilis\u00e9s:<\/p>\n<p><em>Internet Explorer<\/em><br \/>\nOutils Options Internet Param\u00e8tres de confidentialit\u00e9. Vous pouvez consulter le support Microsoft en cliquant ici.<\/p>\n<p><em>Firefox<\/em><br \/>\nOutils Options Historique de confidentialit\u00e9 Param\u00e8tres personnalis\u00e9s. Vous pouvez v\u00e9rifier le support de Mozilla en cliquant ici.<\/p>\n<p><em>Chrome<\/em><br \/>\nParam\u00e8tres Afficher les options avanc\u00e9es Param\u00e8tres de confidentialit\u00e9 du contenu. Vous pouvez consulter l&#8217;assistance Google en cliquant ici.<\/p>\n<p><em>Safari<\/em><br \/>\nPr\u00e9f\u00e9rences de s\u00e9curit\u00e9. Vous pouvez consulter l&#8217;assistance Apple en cliquant ici.<br \/>\nDEM n&#8217;est pas responsable du fait que la d\u00e9sactivation des cookies emp\u00eache ou entrave le bon fonctionnement de la page.<\/p>\n<p><strong>Juridiction et l\u00e9gislation applicable<br \/>\n<\/strong>Les pr\u00e9sentes conditions d&#8217;utilisation seront r\u00e9gies par les dispositions de la loi espagnole.<\/p>\n<p>En cas de divergence ou de controverse d\u00e9coulant de l&#8217;interpr\u00e9tation ou de l&#8217;application des pr\u00e9sentes conditions d&#8217;utilisation ou du contenu du site Web, en g\u00e9n\u00e9ral, DESARROLLO MULTILATERAL, S.L. et l&#8217;usager, renon\u00e7ant express\u00e9ment \u00e0 toute autre juridiction qui pourrait leur correspondre, se soumettent \u00e0 la juridiction des Tribunaux du domicile de ce dernier. Dans le cas o\u00f9 l&#8217;usager est domicili\u00e9 hors d&#8217;Espagne, DESARROLLO MULTILATERAL, S.L. et l&#8217;USAGER, renon\u00e7ant express\u00e9ment \u00e0 toute autre juridiction qui pourrait leur correspondre, se soumettent \u00e0 la juridiction des Cours et Tribunaux de la Communaut\u00e9 de Madrid.<\/p>\n<p><strong>LOPD et s\u00e9curit\u00e9<\/strong><br \/>\nNous ne collecterons que les donn\u00e9es personnelles que vous souhaitez nous r\u00e9v\u00e9ler volontairement et, conform\u00e9ment \u00e0 la r\u00e9glementation en vigueur sur la protection des donn\u00e9es ainsi que sur la soci\u00e9t\u00e9 de l&#8217;information et les services de commerce \u00e9lectronique, nous vous informons que lesdites donn\u00e9es personnelles fournies au moment de l&#8217;inscription, ou toute autre fournie \u00e0 DESARROLLO MULTILATERAL, SL pour votre acc\u00e8s \u00e0 certains des services du site (abonnement \u00e0 des forums, chats, concours, &#8230;), seront incorpor\u00e9es dans des fichiers appartenant \u00e0 cette soci\u00e9t\u00e9, afin de faciliter la fourniture des services demand\u00e9s, pour l&#8217;identification correcte des usagers qui sollicitent lesdits services, pour r\u00e9aliser des \u00e9tudes statistiques des usagers enregistr\u00e9s qui permettent la conception d&#8217;am\u00e9liorations des services fournis, pour la gestion des t\u00e2ches administratives de base, ainsi que pour vous tenir inform\u00e9, soit par courrier \u00e9lectronique ou par tout autre moyen, des actualit\u00e9s, produits et services li\u00e9s \u00e0 DESARROLLO MULTILATERAL, SL ou avec des entreprises tierces partenaires.<\/p>\n<p>DESARROLLO MULTILATERAL, S.L. consid\u00e8re, sauf si express\u00e9ment communiqu\u00e9 par vous dans les 30 prochains jours, suivant la proc\u00e9dure indiqu\u00e9e ci-dessous (voir Droits des personnes concern\u00e9es), que vous donnez votre consentement pour que DESARROLLO MULTILATERAL, S.L. vous envoie des communications commerciales par e-mail ou par un moyen \u00e9quivalent, et pour transf\u00e9rer vos donn\u00e9es au reste des soci\u00e9t\u00e9s qui la composent, dans le seul but d&#8217;am\u00e9liorer la fourniture des services convenus, en respectant, dans tous les cas, la l\u00e9gislation espagnole sur protection des donn\u00e9es personnelles.<\/p>\n<p><strong>Protection des donn\u00e9es<\/strong><br \/>\nDESARROLLO MULTILATERAL, S.L. s&#8217;engage \u00e0 respecter son obligation de secret des donn\u00e9es personnelles et son devoir de les traiter avec confidentialit\u00e9, et assume, \u00e0 ces fins, les mesures techniques, organisationnelles et de s\u00e9curit\u00e9 n\u00e9cessaires pour \u00e9viter leur alt\u00e9ration, perte, traitement ou acc\u00e8s non autoris\u00e9, conform\u00e9ment aux dispositions de la Loi organique 3\/2018 du 5 d\u00e9cembre relative \u00e0 la protection des donn\u00e9es personnelles et \u00e0 la garantie des droits num\u00e9riques, ainsi que toute autre l\u00e9gislation applicable.<\/p>\n<p>A cet effet, DESARROLLO MULTILATERAL, S.L. adopte toutes les mesures raisonnables, \u00e0 la fois techniques et organisationnelles, pour s&#8217;assurer que les donn\u00e9es divulgu\u00e9es \u00e0 DESARROLLO MULTILATERAL, S.L. sont prot\u00e9g\u00e9es contre toute manipulation, perte, destruction ou acc\u00e8s accidentels ou d\u00e9lib\u00e9r\u00e9s par des personnes non autoris\u00e9es. Nous r\u00e9visons constamment nos mesures de s\u00e9curit\u00e9 pour nous assurer qu&#8217;elles sont toujours \u00e0 jour.<\/p>\n<p><strong>Droits des personnes concern\u00e9es<\/strong><br \/>\nTout usager enregistr\u00e9 peut \u00e0 tout moment exercer le droit d&#8217;acc\u00e8s, de rectification et, le cas \u00e9ch\u00e9ant, d&#8217;annuler ses donn\u00e9es personnelles fournies, ou r\u00e9voquer les consentements sp\u00e9cifiques et sans \u00e9quivoque pour le traitement et le transfert de ses donn\u00e9es, qui ont \u00e9t\u00e9 pr\u00e9alablement collect\u00e9es, par demande \u00e9crite \u00e0 DESARROLLO MULTILATERAL, SL, Torpedero Tucum\u00e1n 12 &#8211; Rez-de-chauss\u00e9e, CP. 28016, Madrid, Espagne, ou en envoyant un email \u00e0 l&#8217;adresse dem@dem.es, en joignant dans les deux cas \u00e0 cette demande, une copie de votre pi\u00e8ce d&#8217;identit\u00e9 ou num\u00e9ro de contribuable.<\/p>\n<p>Si vous avez des doutes ou avez besoin de clarification concernant la politique de confidentialit\u00e9 de DESARROLLO MULTILATERAL, S.L. ou le traitement de vos donn\u00e9es, vous pouvez contacter le D\u00e9l\u00e9gu\u00e9 \u00e0 la protection des donn\u00e9es via la m\u00eame adresse e-mail suivante: <a href=\"mailto:dem@dem.es\">dem@dem.es<\/a>.<\/p>\n","protected":false},"excerpt":{"rendered":"<p>Mentions l\u00e9gales Merci de visiter notre site Web et de l\u2019int\u00e9r\u00eat que vous montrez \u00e0 l\u2019endroit de notre entreprise et de ses produits et services. Information g\u00e9n\u00e9rale Le pr\u00e9sent site Web a \u00e9t\u00e9 con\u00e7u pour faire connaitre et rendre accessible au public l\u2019information, les activit\u00e9s, les produits et services des entreprises ci-apr\u00e8s identifi\u00e9es: \u2013 DESARROLLO [&hellip;]<\/p>\n","protected":false},"author":1,"featured_media":0,"parent":0,"menu_order":0,"comment_status":"closed","ping_status":"closed","template":"template-no-sidebar.php","meta":{"footnotes":""},"class_list":["post-670","page","type-page","status-publish","hentry"],"jetpack_sharing_enabled":true,"_links":{"self":[{"href":"https:\/\/dem.es\/fr\/wp-json\/wp\/v2\/pages\/670","targetHints":{"allow":["GET"]}}],"collection":[{"href":"https:\/\/dem.es\/fr\/wp-json\/wp\/v2\/pages"}],"about":[{"href":"https:\/\/dem.es\/fr\/wp-json\/wp\/v2\/types\/page"}],"author":[{"embeddable":true,"href":"https:\/\/dem.es\/fr\/wp-json\/wp\/v2\/users\/1"}],"replies":[{"embeddable":true,"href":"https:\/\/dem.es\/fr\/wp-json\/wp\/v2\/comments?post=670"}],"version-history":[{"count":16,"href":"https:\/\/dem.es\/fr\/wp-json\/wp\/v2\/pages\/670\/revisions"}],"predecessor-version":[{"id":1448,"href":"https:\/\/dem.es\/fr\/wp-json\/wp\/v2\/pages\/670\/revisions\/1448"}],"wp:attachment":[{"href":"https:\/\/dem.es\/fr\/wp-json\/wp\/v2\/media?parent=670"}],"curies":[{"name":"wp","href":"https:\/\/api.w.org\/{rel}","templated":true}]}}