{"id":68,"date":"2015-04-15T14:49:57","date_gmt":"2015-04-15T14:49:57","guid":{"rendered":"http:\/\/devmultilateral.com\/es\/?page_id=68"},"modified":"2021-02-06T23:58:32","modified_gmt":"2021-02-06T23:58:32","slug":"participacion","status":"publish","type":"page","link":"https:\/\/dem.es\/fr\/participacion\/","title":{"rendered":"SP\u00c9CIALIS\u00c9 DANS LE D\u00c9VELOPPEMENT DE CONTRATS INTERNATIONAUX DE HAUTE COMPLEXIT\u00c9, DANS DES CONTEXTES MULTIDISCIPLINAIRES ET DES SC\u00c9NARIOS D&#8217;\u00c9VOLUTION"},"content":{"rendered":"<p>Notre mission est de couvrir les besoins strat\u00e9giques des secteurs public, priv\u00e9 et tiers \u00e0 travers des projets \/ programmes financ\u00e9s par des fonds bilat\u00e9raux et multilat\u00e9raux.<\/p>\n<p>Nous fournissons des services de grande valeur et de qualit\u00e9 aux gouvernements, aux administrations publiques, aux organisations internationales, aux organisations non gouvernementales, \u00e0 la soci\u00e9t\u00e9 civile, aux agents locaux et \/ ou au secteur priv\u00e9.<\/p>\n<p>&nbsp;<\/p>\n<p><a href=\"https:\/\/dem.es\/fr\/wp-content\/uploads\/2021\/02\/DEM_PROFILE_FR_2021.pdf\" target=\"_blank\" rel=\"noopener noreferrer\"><img loading=\"lazy\" decoding=\"async\" class=\"aligncenter wp-image-1227 size-full\" src=\"https:\/\/dem.es\/fr\/wp-content\/uploads\/2021\/01\/profil2021_fr.png\" alt=\"\" width=\"412\" height=\"60\" \/><\/a><\/p>\n<p><a href=\"https:\/\/dem.es\/fr\/wp-content\/uploads\/2020\/11\/Re\u0301fe\u0301rences-DEM-2020.pdf\" target=\"_blank\" rel=\"noopener noreferrer\"><img loading=\"lazy\" decoding=\"async\" class=\"aligncenter wp-image-1228 size-full\" src=\"https:\/\/dem.es\/fr\/wp-content\/uploads\/2020\/10\/references.png\" alt=\"\" width=\"412\" height=\"60\" \/><\/a><\/p>\n<p><!--\n\n\n<blockquote>\n\n\n<ul>\n \t\n\n<li>Descarga nuestra <a href=\"http:\/\/devmultilateral.com\/es\/wp-content\/uploads\/2015\/04\/Perfil-DEM.pdf\" target=\"_blank\" rel=\"noopener noreferrer\">presentaci\u00f3n corporativa aqu\u00ed<\/a>.<\/li>\n\n\n<\/ul>\n\n\n<\/blockquote>\n\n\n--><\/p>\n<div class=\"tab3\" style=\"float: left; width: 86%;\"><!--[maplist geoenabled=\"true\" categoriesticked=\"true\" categoriesaslist=\"true\" menushideonselect=\"false\" showthumbnailicon=\"true\" simplesearch=\"true\" viewstyle=\"maponly\" clustermarkers=\"true\" locationsperpage=\"3\"]--><br \/>\n<iframe loading=\"lazy\" src=\"https:\/\/www.google.com\/maps\/d\/embed?mid=14kOb0a2Gzrf1O_B592na22cJ9fAEd4N2\" width=\"920\" height=\"480\"><\/iframe><\/div>\n","protected":false},"excerpt":{"rendered":"<p>Notre mission est de couvrir les besoins strat\u00e9giques des secteurs public, priv\u00e9 et tiers \u00e0 travers des projets \/ programmes financ\u00e9s par des fonds bilat\u00e9raux et multilat\u00e9raux. Nous fournissons des services de grande valeur et de qualit\u00e9 aux gouvernements, aux administrations publiques, aux organisations internationales, aux organisations non gouvernementales, \u00e0 la soci\u00e9t\u00e9 civile, aux agents [&hellip;]<\/p>\n","protected":false},"author":1,"featured_media":0,"parent":0,"menu_order":0,"comment_status":"closed","ping_status":"closed","template":"template-no-sidebar.php","meta":{"footnotes":""},"class_list":["post-68","page","type-page","status-publish","hentry"],"jetpack_sharing_enabled":true,"_links":{"self":[{"href":"https:\/\/dem.es\/fr\/wp-json\/wp\/v2\/pages\/68","targetHints":{"allow":["GET"]}}],"collection":[{"href":"https:\/\/dem.es\/fr\/wp-json\/wp\/v2\/pages"}],"about":[{"href":"https:\/\/dem.es\/fr\/wp-json\/wp\/v2\/types\/page"}],"author":[{"embeddable":true,"href":"https:\/\/dem.es\/fr\/wp-json\/wp\/v2\/users\/1"}],"replies":[{"embeddable":true,"href":"https:\/\/dem.es\/fr\/wp-json\/wp\/v2\/comments?post=68"}],"version-history":[{"count":261,"href":"https:\/\/dem.es\/fr\/wp-json\/wp\/v2\/pages\/68\/revisions"}],"predecessor-version":[{"id":1280,"href":"https:\/\/dem.es\/fr\/wp-json\/wp\/v2\/pages\/68\/revisions\/1280"}],"wp:attachment":[{"href":"https:\/\/dem.es\/fr\/wp-json\/wp\/v2\/media?parent=68"}],"curies":[{"name":"wp","href":"https:\/\/api.w.org\/{rel}","templated":true}]}}