{"id":937,"date":"2016-09-22T14:57:03","date_gmt":"2016-09-22T14:57:03","guid":{"rendered":"http:\/\/devmultilateral.com\/es\/?page_id=937"},"modified":"2024-11-17T16:17:47","modified_gmt":"2024-11-17T16:17:47","slug":"contacto","status":"publish","type":"page","link":"https:\/\/dem.es\/fr\/contacto\/","title":{"rendered":"CONTACT"},"content":{"rendered":"\n    <div id=\"parallax_container407\" class=\"parallax-window-container adamrob_parallax_fullwidth \">\n\n\t<div id=\"parallax_407\" class=\"adamrob_parallax adamrob_parallax_fullwidth \" \n\t            \t\t\t\t\tstyle=\"height:415px; \" \n\t            \t\t\t\t\tdata-parallax=\"scroll\" data-image-src=\"https:\/\/dem.es\/fr\/wp-content\/uploads\/2016\/04\/desarrollo_multilateral_formulario.png\" \n\t            \t\t\t\t\tdata-z-Index=\"1\" \n\t            \t\t\t\t\tdata-ios-fix=\"true\" \n\t            \t\t\t\t\tdata-android-fix=\"true\"\n\t            \t\t\t\t\tdata-speed=\"0.5\">\n\n\n\n\t\t<div id=\"parallax_407_content\" class=\"adamrob_pcontainer\" style=\"height:415px;\">\n\n\t\t\n\t\t\t<div id=\"parallax_407_posttitle\" class=\"adamrob_parallax_posttitle\" style=\"text-align:center; padding:20px;\">\n\t\t\t\t<div style=\"display: none;\">\n\t\t\t\t\tFormulario\t\t\t\t<\/div>\n\t\t\t<\/div>\n\n\t\t\t<div id=\"parallax_407_postcontent\" class=\"adamrob_parallax_postcontent\" id=\"407_parallax_content_post\" style=\"padding:20px;\">\n\t\t\t\t\n<div class=\"wpcf7 no-js\" id=\"wpcf7-f67-o1\" lang=\"en-US\" dir=\"ltr\" data-wpcf7-id=\"67\">\n<div class=\"screen-reader-response\"><p role=\"status\" aria-live=\"polite\" aria-atomic=\"true\"><\/p> <ul><\/ul><\/div>\n<form action=\"\/fr\/wp-json\/wp\/v2\/pages\/937#wpcf7-f67-o1\" method=\"post\" class=\"wpcf7-form init\" aria-label=\"Contact form\" enctype=\"multipart\/form-data\" novalidate=\"novalidate\" data-status=\"init\">\n<fieldset class=\"hidden-fields-container\"><input type=\"hidden\" name=\"_wpcf7\" value=\"67\" \/><input type=\"hidden\" name=\"_wpcf7_version\" value=\"6.1.5\" \/><input type=\"hidden\" name=\"_wpcf7_locale\" value=\"en_US\" \/><input type=\"hidden\" name=\"_wpcf7_unit_tag\" value=\"wpcf7-f67-o1\" \/><input type=\"hidden\" name=\"_wpcf7_container_post\" value=\"0\" \/><input type=\"hidden\" name=\"_wpcf7_posted_data_hash\" value=\"\" \/>\n<\/fieldset>\n<div style=\"float:left; width:30%;\" class=\"formulario\">\n\t<p><span class=\"wpcf7-form-control-wrap\" data-name=\"text-77\"><input size=\"40\" maxlength=\"400\" class=\"wpcf7-form-control wpcf7-text wpcf7-validates-as-required\" aria-required=\"true\" aria-invalid=\"false\" placeholder=\"Nom\" value=\"\" type=\"text\" name=\"text-77\" \/><\/span>\n\t<\/p>\n\t<p><span class=\"wpcf7-form-control-wrap\" data-name=\"email-651\"><input size=\"40\" maxlength=\"400\" class=\"wpcf7-form-control wpcf7-email wpcf7-validates-as-required wpcf7-text wpcf7-validates-as-email\" aria-required=\"true\" aria-invalid=\"false\" placeholder=\"Email\" value=\"\" type=\"email\" name=\"email-651\" \/><\/span>\n\t<\/p>\n\t<p><span class=\"wpcf7-form-control-wrap\" data-name=\"tel-67\"><input size=\"40\" maxlength=\"400\" class=\"wpcf7-form-control wpcf7-tel wpcf7-text wpcf7-validates-as-tel\" aria-invalid=\"false\" placeholder=\"T\u00e9l\u00e9phone\" value=\"\" type=\"tel\" name=\"tel-67\" \/><\/span>\n\t<\/p>\n<\/div>\n<div style=\"float:left; width:30%;\" class=\"formulario\">\n\t<p><span class=\"wpcf7-form-control-wrap\" data-name=\"text-778\"><input size=\"40\" maxlength=\"400\" class=\"wpcf7-form-control wpcf7-text\" aria-invalid=\"false\" placeholder=\"Objet\" value=\"\" type=\"text\" name=\"text-778\" \/><\/span>\n\t<\/p>\n\t<p><span class=\"wpcf7-form-control-wrap\" data-name=\"textarea-20\"><textarea cols=\"40\" rows=\"10\" maxlength=\"2000\" class=\"wpcf7-form-control wpcf7-textarea\" aria-invalid=\"false\" placeholder=\"Ajouter un texte\" name=\"textarea-20\"><\/textarea><\/span>\n\t<\/p>\n\t<p><input type=\"hidden\" name=\"_wpcf7_captcha_challenge_captcha-389\" value=\"2679367676\" \/><img loading=\"lazy\" decoding=\"async\" class=\"wpcf7-form-control wpcf7-captchac wpcf7-captcha-captcha-389\" width=\"72\" height=\"24\" alt=\"captcha\" src=\"https:\/\/dem.es\/fr\/wp-content\/uploads\/wpcf7_captcha\/2679367676.png\" \/><br \/>\n<span class=\"wpcf7-form-control-wrap\" data-name=\"captcha-389\"><input size=\"40\" class=\"wpcf7-form-control wpcf7-captchar\" autocomplete=\"off\" aria-invalid=\"false\" value=\"\" type=\"text\" name=\"captcha-389\" \/><\/span>\n\t<\/p>\n<\/div>\n<div style=\"float:left; width:40%;\" class=\"formulario\">\n\t<div class=\"tab\" style=\"border: 1px solid rgba(255,255,255,0);background-image: url(https:\/\/dem.es\/wp-content\/uploads\/2016\/04\/tab.png);\n    width: auto;\n    background-repeat: no-repeat;\n    padding-top: 11px;\n    padding-left: 12%;\n    padding-right: 16%;\n    padding-bottom: 0px;\">\n\t\t<p align=\"justify\" style=\"font-size:115%; color: #000; \"><br \/>\nSi vous d\u00e9sirez envoyer un CV, <a href=\"https:\/\/dem.es\/fr\/wp-content\/uploads\/2020\/10\/CV_Experte-principale.docx\">merci de bien vouloir t\u00e9l\u00e9charger notre format en cliquant ici<\/a>. Une fois rempli, vous pourrez l\u2019attacher sous formats Word ou PDF.\n\t\t<\/p>\n\t<\/div>\n\t<div style=\"padding:0px;\">\n\t\t<p><span class=\"wpcf7-form-control-wrap\" data-name=\"file-65\"><input size=\"40\" class=\"wpcf7-form-control wpcf7-file\" accept=\".pdf,.docx,.doc\" aria-invalid=\"false\" type=\"file\" name=\"file-65\" \/><\/span>\n\t\t<\/p>\n\t<\/div>\n\t<p align=\"center\">\n\t<\/p>\n\t<p><span class=\"wpcf7-form-control-wrap\" data-name=\"acceptance-647\"><span class=\"wpcf7-form-control wpcf7-acceptance\"><span class=\"wpcf7-list-item\"><input type=\"checkbox\" name=\"acceptance-647\" value=\"1\" aria-invalid=\"false\" \/><\/span><\/span><\/span> J\u2019accepte <a href=\"https:\/\/dem.es\/fr\/aviso-legal\/\" target=\"_blank\">les termes et conditions<\/a>\n\t<\/p>\n<\/div>\n<div>\n\t<p><input class=\"wpcf7-form-control wpcf7-submit has-spinner\" type=\"submit\" value=\"Envoyer\" \/>\n\t<\/p>\n<\/div><p style=\"display: none !important;\" class=\"akismet-fields-container\" data-prefix=\"_wpcf7_ak_\"><label>&#916;<textarea name=\"_wpcf7_ak_hp_textarea\" cols=\"45\" rows=\"8\" maxlength=\"100\"><\/textarea><\/label><input type=\"hidden\" id=\"ak_js_1\" name=\"_wpcf7_ak_js\" value=\"69\"\/><script type=\"text\/javascript\">\n\/* <![CDATA[ *\/\ndocument.getElementById( \"ak_js_1\" ).setAttribute( \"value\", ( new Date() ).getTime() );\n\/* ]]> *\/\n<\/script>\n<\/p><div class=\"wpcf7-response-output\" aria-hidden=\"true\"><\/div>\n<\/form>\n<\/div>\n\n\t\t\t<\/div>\n\n\t\t\n\n\t\t<\/div>\n\n<\/div>\n\t\n\t\t    <\/div>\n\t\n<p>&nbsp;<\/p>\n<p>&nbsp;<\/p>\n<p>&nbsp;<\/p>\n<p>&nbsp;<\/p>\n<p>&nbsp;<\/p>\n<p>&nbsp;<\/p>\n<p>&nbsp;<\/p>\n<p>&nbsp;<\/p>\n<p>&nbsp;<\/p>\n<p>&nbsp;<\/p>\n<p>&nbsp;<\/p>\n<p>&nbsp;<\/p>\n<p>&nbsp;<\/p>\n\n\t\t<!-- MasterSlider -->\n\t\t<div id=\"P_MS69f1e87f8dcf5\" class=\"master-slider-parent ms-staff-carousel ms-round ms-parent-id-7\" style=\"max-width:1000px;\" >\n\n\t\t\t\n\t\t\t<!-- MasterSlider Main -->\n\t\t\t<div id=\"MS69f1e87f8dcf5\" class=\"master-slider ms-skin-default\" >\n\t\t\t\t \t\t\t\t \n\n\t\t\t<div  class=\"ms-slide\" data-delay=\"3\" data-fill-mode=\"fit\"   >\n\t\t\t\t\t<img decoding=\"async\" src=\"https:\/\/dem.es\/fr\/wp-content\/plugins\/masterslider\/public\/assets\/css\/blank.gif\" alt=\"\" title=\"\" data-src=\"https:\/\/dem.es\/fr\/wp-content\/uploads\/2016\/04\/map.png\" \/>\n\n\t\t\t\t\t<div class=\"ms-info\"><h3 style=\"text-align: center;\"><a href=\"https:\/\/www.google.com\/maps\/place\/C.+del+Torpedero+Tucum%C3%A1n,+12,+Chamart%C3%ADn,+28016+Madrid\/@40.4613545,-3.6755136,17z\/data=!3m1!4b1!4m6!3m5!1s0xd4229258efb3489:0xeb9194192396fc1d!8m2!3d40.4613504!4d-3.6729387!16s%2Fg%2F11b8v83_p8?hl=es-ES&amp;entry=ttu&amp;g_ep=EgoyMDI2MDIwMS4wIKXMDSoKLDEwMDc5MjA3M0gBUAM%3D\" target=\"_blank\" rel=\"noopener\">Adresse postale<\/a><\/h3><div style=\"text-align: center;\"><a href=\"https:\/\/www.google.com\/maps\/place\/C.+del+Torpedero+Tucum%C3%A1n,+12,+Chamart%C3%ADn,+28016+Madrid\/@40.4613545,-3.6755136,17z\/data=!3m1!4b1!4m6!3m5!1s0xd4229258efb3489:0xeb9194192396fc1d!8m2!3d40.4613504!4d-3.6729387!16s%2Fg%2F11b8v83_p8?hl=es-ES&amp;entry=ttu&amp;g_ep=EgoyMDI2MDIwMS4wIKXMDSoKLDEwMDc5MjA3M0gBUAM%3D\" target=\"_blank\" rel=\"noopener\">Torpedero Tucum\u00e1n 12 - Rez-de-chauss\u00e9e. 28016 Madrid. Espagne<\/a><\/div><\/div>\n\n\n\t\t\t\t<\/div>\n\t\t\t<div  class=\"ms-slide\" data-delay=\"3\" data-fill-mode=\"fit\"   >\n\t\t\t\t\t<img decoding=\"async\" src=\"https:\/\/dem.es\/fr\/wp-content\/plugins\/masterslider\/public\/assets\/css\/blank.gif\" alt=\"\" title=\"\" data-src=\"https:\/\/dem.es\/fr\/wp-content\/uploads\/2016\/04\/twitter.png\" \/>\n\n\t\t\t\t\t<div class=\"ms-info\"><h3 style=\"text-align: center;\"><a href=\"https:\/\/twitter.com\/devmultilateral\" target=\"_blank\">Twitter<\/a><\/h3><div style=\"text-align: center;\"><a href=\"https:\/\/twitter.com\/devmultilateral\" target=\"_blank\">http:\/\/twitter.com\/devmultilateral<\/a><\/div><\/div>\n\n\n\t\t\t\t<\/div>\n\t\t\t<div  class=\"ms-slide\" data-delay=\"3\" data-fill-mode=\"fit\"   >\n\t\t\t\t\t<img decoding=\"async\" src=\"https:\/\/dem.es\/fr\/wp-content\/plugins\/masterslider\/public\/assets\/css\/blank.gif\" alt=\"\" title=\"\" data-src=\"https:\/\/dem.es\/fr\/wp-content\/uploads\/2016\/04\/phone.png\" \/>\n\n\t\t\t\t\t<div class=\"ms-info\"><h3 style=\"text-align: center;\">T\u00e9l\u00e9phone<\/h3><div style=\"text-align: center;\">(+34) 91 622 77 28<\/div><\/div>\n\n\n\t\t\t\t<\/div>\n\t\t\t<div  class=\"ms-slide\" data-delay=\"3\" data-fill-mode=\"fit\"   >\n\t\t\t\t\t<img decoding=\"async\" src=\"https:\/\/dem.es\/fr\/wp-content\/plugins\/masterslider\/public\/assets\/css\/blank.gif\" alt=\"\" title=\"\" data-src=\"https:\/\/dem.es\/fr\/wp-content\/uploads\/2016\/04\/mail.png\" \/>\n\n\t\t\t\t\t<div class=\"ms-info\"><h3 style=\"text-align: center;\"><a href=\"mailto:dem@devmultilateral.com\">E-mail<\/a><\/h3><div style=\"text-align: center;\"><a href=\"mailto:dem@dem.es\">dem@dem.es<\/a><\/div><\/div>\n\n\n\t\t\t\t<\/div>\n\t\t\t<div  class=\"ms-slide\" data-delay=\"3\" data-fill-mode=\"fit\"   >\n\t\t\t\t\t<img decoding=\"async\" src=\"https:\/\/dem.es\/fr\/wp-content\/plugins\/masterslider\/public\/assets\/css\/blank.gif\" alt=\"\" title=\"\" data-src=\"https:\/\/dem.es\/fr\/wp-content\/uploads\/2016\/04\/linkedin.png\" \/>\n\n\t\t\t\t\t<div class=\"ms-info\"><h3 style=\"text-align: center;\"><a href=\"https:\/\/www.linkedin.com\/company\/dem-multilateral\" target=\"_blank\">Linked In<\/a><\/h3><div style=\"text-align: center;\"><a href=\"https:\/\/www.linkedin.com\/company\/dem-multilateral\" target=\"_blank\">http:\/\/www.linkedin.com\/company\/dem-multilateral<\/a><\/div><\/div>\n\n\n\t\t\t\t<\/div>\n\t\t\t<div  class=\"ms-slide\" data-delay=\"3\" data-fill-mode=\"fit\"   >\n\t\t\t\t\t<img decoding=\"async\" src=\"https:\/\/dem.es\/fr\/wp-content\/plugins\/masterslider\/public\/assets\/css\/blank.gif\" alt=\"\" title=\"\" data-src=\"https:\/\/dem.es\/fr\/wp-content\/uploads\/2016\/04\/facebook.png\" \/>\n\n\t\t\t\t\t<div class=\"ms-info\"><h3 style=\"text-align: center;\"><a href=\"https:\/\/www.facebook.com\/devmultilateral\" target=\"_blank\">Facebook<\/a><\/h3><div style=\"text-align: center;\"><a href=\"https:\/\/www.facebook.com\/devmultilateral\" target=\"_blank\">https:\/\/www.facebook.com\/devmultilateral<\/a><\/div><\/div>\n\n\n\t\t\t\t<\/div>\n\n\t\t\t<\/div>\n\t\t\t<!-- END MasterSlider Main -->\n\n\t\t\t \n\t\t<\/div>\n\t\t<!-- END MasterSlider -->\n\n\t\t<script>\n\t\t( window.MSReady = window.MSReady || [] ).push( function( $ ) {\n\n\t\t\t\"use strict\";\n\t\t\tvar masterslider_dcf5 = new MasterSlider();\n\n\t\t\t\/\/ slider controls\n\t\t\tmasterslider_dcf5.control('arrows'     ,{ autohide:true, overVideo:true  });\n\t\t\tmasterslider_dcf5.control('slideinfo'  ,{ autohide:false, overVideo:true, dir:'h', align:'bottom',inset:false , margin:10   });\n\t\t\t\/\/ slider setup\n\t\t\tmasterslider_dcf5.setup(\"MS69f1e87f8dcf5\", {\n\t\t\t\twidth           : 120,\n\t\t\t\theight          : 230,\n\t\t\t\tminHeight       : 0,\n\t\t\t\tspace           : 150,\n\t\t\t\tstart           : 1,\n\t\t\t\tgrabCursor      : true,\n\t\t\t\tswipe           : true,\n\t\t\t\tmouse           : true,\n\t\t\t\tkeyboard        : false,\n\t\t\t\tlayout          : \"boxed\",\n\t\t\t\twheel           : true,\n\t\t\t\tautoplay        : true,\n                instantStartLayers:false,\n\t\t\t\tmobileBGVideo:false,\n\t\t\t\tloop            : true,\n\t\t\t\tshuffle         : false,\n\t\t\t\tpreload         : 4,\n\t\t\t\theightLimit     : true,\n\t\t\t\tautoHeight      : false,\n\t\t\t\tsmoothHeight    : true,\n\t\t\t\tendPause        : false,\n\t\t\t\toverPause       : true,\n\t\t\t\tfillMode        : \"fill\",\n\t\t\t\tcenterControls  : true,\n\t\t\t\tstartOnAppear   : false,\n\t\t\t\tlayersMode      : \"center\",\n\t\t\t\tautofillTarget  : \"\",\n\t\t\t\thideLayers      : false,\n\t\t\t\tfullscreenMargin: 0,\n\t\t\t\tspeed           : 20,\n\t\t\t\tdir             : \"h\",\n\t\t\t\tresponsive      : true,\n\t\t\t\ttabletWidth     : 768,\n\t\t\t\ttabletHeight    : null,\n\t\t\t\tphoneWidth      : 480,\n\t\t\t\tphoneHeight    : null,\n\t\t\t\tsizingReference : window,\nviewOption      : { centerSpace:1.6 },\n\t\t\t\tparallaxMode    : 'swipe',\n\t\t\t\tview            : \"flow\"\n\t\t\t});\n\n\t\t\t\t\t\tMSScrollParallax.setup( masterslider_dcf5, 30, 50, true );\n\t\t\twindow.masterslider_instances = window.masterslider_instances || [];\n\t\t\twindow.masterslider_instances.push( masterslider_dcf5 );\n\t\t});\n\t\t<\/script>\n\n\n<p align=\"center\">Vous d\u00e9sirez nous contacter? Vous pouvez \u00e9galement le faire \u00e0 travers du courriel <a href=\"mailto:dem@dem.es\">dem@dem.es<\/a> ou nous contacter au t\u00e9l\u00e9phone : (+34) 916227728.<\/p>\n","protected":false},"excerpt":{"rendered":"<p>&nbsp; &nbsp; &nbsp; &nbsp; &nbsp; &nbsp; &nbsp; &nbsp; &nbsp; &nbsp; &nbsp; &nbsp; &nbsp; Vous d\u00e9sirez nous contacter? Vous pouvez \u00e9galement le faire \u00e0 travers du courriel dem@dem.es ou nous contacter au t\u00e9l\u00e9phone : (+34) 916227728.<\/p>\n","protected":false},"author":3,"featured_media":0,"parent":0,"menu_order":0,"comment_status":"closed","ping_status":"closed","template":"template-no-sidebar.php","meta":{"footnotes":""},"class_list":["post-937","page","type-page","status-publish","hentry"],"jetpack_sharing_enabled":true,"_links":{"self":[{"href":"https:\/\/dem.es\/fr\/wp-json\/wp\/v2\/pages\/937","targetHints":{"allow":["GET"]}}],"collection":[{"href":"https:\/\/dem.es\/fr\/wp-json\/wp\/v2\/pages"}],"about":[{"href":"https:\/\/dem.es\/fr\/wp-json\/wp\/v2\/types\/page"}],"author":[{"embeddable":true,"href":"https:\/\/dem.es\/fr\/wp-json\/wp\/v2\/users\/3"}],"replies":[{"embeddable":true,"href":"https:\/\/dem.es\/fr\/wp-json\/wp\/v2\/comments?post=937"}],"version-history":[{"count":30,"href":"https:\/\/dem.es\/fr\/wp-json\/wp\/v2\/pages\/937\/revisions"}],"predecessor-version":[{"id":1413,"href":"https:\/\/dem.es\/fr\/wp-json\/wp\/v2\/pages\/937\/revisions\/1413"}],"wp:attachment":[{"href":"https:\/\/dem.es\/fr\/wp-json\/wp\/v2\/media?parent=937"}],"curies":[{"name":"wp","href":"https:\/\/api.w.org\/{rel}","templated":true}]}}